{"id":4991,"date":"2022-10-26T15:42:38","date_gmt":"2022-10-26T13:42:38","guid":{"rendered":"https:\/\/qvyhofm.cluster028.hosting.ovh.net\/?post_type=product&#038;p=4991"},"modified":"2022-11-30T15:41:33","modified_gmt":"2022-11-30T14:41:33","slug":"ligature-harmonie-de-clarinette","status":"publish","type":"product","link":"https:\/\/www.herouard-benard.com\/fr\/produit\/accessoires-pour-clarinettes\/ligatures-pour-clarinettes\/ligature-harmonie-de-clarinette\/","title":{"rendered":"Ligature Harmonie de clarinette"},"content":{"rendered":"","protected":false},"excerpt":{"rendered":"<ul>\n<li>\u00a0En m\u00e9tal avec 2 vis<\/li>\n<li>Deux plots sur le pr\u00e9form\u00e9 de l&rsquo;anche<\/li>\n<li>Ampleur de sonorit\u00e9<\/li>\n<li>Grande facilit\u00e9 d&rsquo;\u00e9mission, meilleur d\u00e9tach\u00e9, surtout dans les aigus<\/li>\n<li>pour toutes les clarinettes et mod\u00e8le allemand.<\/li>\n<li>Traitement de surface: plaqu\u00e9e or,argent\u00e9e, vernie, vernie or vieilli, nickel\u00e9e , nickel\u00e9e noire.<\/li>\n<li>Couvre-bec adaptable.: HB3000<\/li>\n<\/ul>\n","protected":false},"featured_media":962,"comment_status":"closed","ping_status":"closed","template":"","meta":[],"product_brand":[],"product_cat":[38,25],"product_tag":[],"class_list":{"0":"post-4991","1":"product","2":"type-product","3":"status-publish","4":"has-post-thumbnail","6":"product_cat-accessoires-pour-clarinettes","7":"product_cat-ligatures-pour-clarinettes","9":"first","10":"instock","11":"shipping-taxable","12":"purchasable","13":"product-type-variable"},"aioseo_notices":[],"_links":{"self":[{"href":"https:\/\/www.herouard-benard.com\/fr\/wp-json\/wp\/v2\/product\/4991","targetHints":{"allow":["GET"]}}],"collection":[{"href":"https:\/\/www.herouard-benard.com\/fr\/wp-json\/wp\/v2\/product"}],"about":[{"href":"https:\/\/www.herouard-benard.com\/fr\/wp-json\/wp\/v2\/types\/product"}],"replies":[{"embeddable":true,"href":"https:\/\/www.herouard-benard.com\/fr\/wp-json\/wp\/v2\/comments?post=4991"}],"wp:featuredmedia":[{"embeddable":true,"href":"https:\/\/www.herouard-benard.com\/fr\/wp-json\/wp\/v2\/media\/962"}],"wp:attachment":[{"href":"https:\/\/www.herouard-benard.com\/fr\/wp-json\/wp\/v2\/media?parent=4991"}],"wp:term":[{"taxonomy":"product_brand","embeddable":true,"href":"https:\/\/www.herouard-benard.com\/fr\/wp-json\/wp\/v2\/product_brand?post=4991"},{"taxonomy":"product_cat","embeddable":true,"href":"https:\/\/www.herouard-benard.com\/fr\/wp-json\/wp\/v2\/product_cat?post=4991"},{"taxonomy":"product_tag","embeddable":true,"href":"https:\/\/www.herouard-benard.com\/fr\/wp-json\/wp\/v2\/product_tag?post=4991"}],"curies":[{"name":"wp","href":"https:\/\/api.w.org\/{rel}","templated":true}]}}