{"id":4299,"date":"2022-05-30T16:26:54","date_gmt":"2022-05-30T14:26:54","guid":{"rendered":"https:\/\/qvyhofm.cluster028.hosting.ovh.net\/?post_type=product&#038;p=4299"},"modified":"2022-11-30T15:56:03","modified_gmt":"2022-11-30T14:56:03","slug":"ligature-evasion-pour-clarinette","status":"publish","type":"product","link":"https:\/\/www.herouard-benard.com\/fr\/produit\/accessoires-pour-clarinettes\/ligatures-pour-clarinettes\/ligature-evasion-pour-clarinette\/","title":{"rendered":"Ligature Evasion pour clarinette"},"content":{"rendered":"","protected":false},"excerpt":{"rendered":"<ul>\n<li>Ligature souple en cuir v\u00e9ritable<\/li>\n<li>Excellent maintien de l&rsquo;anche sur le bec<\/li>\n<li>Extr\u00eame facilit\u00e9 d&rsquo;\u00e9mssion<\/li>\n<li>Pour jazz et musique classique<\/li>\n<li>Couvre-bec adaptable: couvre-bec plastique<\/li>\n<\/ul>\n","protected":false},"featured_media":489,"comment_status":"closed","ping_status":"closed","template":"","meta":[],"product_brand":[],"product_cat":[38,25],"product_tag":[],"class_list":{"0":"post-4299","1":"product","2":"type-product","3":"status-publish","4":"has-post-thumbnail","6":"product_cat-accessoires-pour-clarinettes","7":"product_cat-ligatures-pour-clarinettes","9":"first","10":"instock","11":"shipping-taxable","12":"purchasable","13":"product-type-variable"},"aioseo_notices":[],"_links":{"self":[{"href":"https:\/\/www.herouard-benard.com\/fr\/wp-json\/wp\/v2\/product\/4299","targetHints":{"allow":["GET"]}}],"collection":[{"href":"https:\/\/www.herouard-benard.com\/fr\/wp-json\/wp\/v2\/product"}],"about":[{"href":"https:\/\/www.herouard-benard.com\/fr\/wp-json\/wp\/v2\/types\/product"}],"replies":[{"embeddable":true,"href":"https:\/\/www.herouard-benard.com\/fr\/wp-json\/wp\/v2\/comments?post=4299"}],"wp:featuredmedia":[{"embeddable":true,"href":"https:\/\/www.herouard-benard.com\/fr\/wp-json\/wp\/v2\/media\/489"}],"wp:attachment":[{"href":"https:\/\/www.herouard-benard.com\/fr\/wp-json\/wp\/v2\/media?parent=4299"}],"wp:term":[{"taxonomy":"product_brand","embeddable":true,"href":"https:\/\/www.herouard-benard.com\/fr\/wp-json\/wp\/v2\/product_brand?post=4299"},{"taxonomy":"product_cat","embeddable":true,"href":"https:\/\/www.herouard-benard.com\/fr\/wp-json\/wp\/v2\/product_cat?post=4299"},{"taxonomy":"product_tag","embeddable":true,"href":"https:\/\/www.herouard-benard.com\/fr\/wp-json\/wp\/v2\/product_tag?post=4299"}],"curies":[{"name":"wp","href":"https:\/\/api.w.org\/{rel}","templated":true}]}}