{"id":3755,"date":"2022-06-20T15:53:34","date_gmt":"2022-06-20T13:53:34","guid":{"rendered":"https:\/\/qvyhofm.cluster028.hosting.ovh.net\/?post_type=product&#038;p=3755"},"modified":"2022-11-17T14:47:27","modified_gmt":"2022-11-17T13:47:27","slug":"ligature-alliance-tradition-pour-saxophone","status":"publish","type":"product","link":"https:\/\/www.herouard-benard.com\/fr\/produit\/accessoires-pour-saxophones\/ligatures-pour-saxophones\/ligature-alliance-tradition-pour-saxophone\/","title":{"rendered":"Ligature Alliance Tradition pour saxophone"},"content":{"rendered":"","protected":false},"excerpt":{"rendered":"<ul>\n<li>Ligature en m\u00e9tal: 1 seule vis<\/li>\n<li>2 Plots sur le pr\u00e9form\u00e9 de l&rsquo;anche<\/li>\n<li>Un design et un poids de m\u00e9tal qui accentuent les qualit\u00e9s du son.<\/li>\n<li>Tr\u00e8s grande facilit\u00e9 d&rsquo;\u00e9mission<\/li>\n<li>Gain sonore sur l&rsquo;ensemble de la gamme<\/li>\n<li>Pour saxophone Alto et T\u00e9nor<\/li>\n<\/ul>\n","protected":false},"featured_media":5930,"comment_status":"closed","ping_status":"closed","template":"","meta":[],"product_brand":[],"product_cat":[48,49],"product_tag":[],"class_list":{"0":"post-3755","1":"product","2":"type-product","3":"status-publish","4":"has-post-thumbnail","6":"product_cat-accessoires-pour-saxophones","7":"product_cat-ligatures-pour-saxophones","9":"first","10":"instock","11":"shipping-taxable","12":"purchasable","13":"product-type-variable"},"aioseo_notices":[],"_links":{"self":[{"href":"https:\/\/www.herouard-benard.com\/fr\/wp-json\/wp\/v2\/product\/3755","targetHints":{"allow":["GET"]}}],"collection":[{"href":"https:\/\/www.herouard-benard.com\/fr\/wp-json\/wp\/v2\/product"}],"about":[{"href":"https:\/\/www.herouard-benard.com\/fr\/wp-json\/wp\/v2\/types\/product"}],"replies":[{"embeddable":true,"href":"https:\/\/www.herouard-benard.com\/fr\/wp-json\/wp\/v2\/comments?post=3755"}],"wp:featuredmedia":[{"embeddable":true,"href":"https:\/\/www.herouard-benard.com\/fr\/wp-json\/wp\/v2\/media\/5930"}],"wp:attachment":[{"href":"https:\/\/www.herouard-benard.com\/fr\/wp-json\/wp\/v2\/media?parent=3755"}],"wp:term":[{"taxonomy":"product_brand","embeddable":true,"href":"https:\/\/www.herouard-benard.com\/fr\/wp-json\/wp\/v2\/product_brand?post=3755"},{"taxonomy":"product_cat","embeddable":true,"href":"https:\/\/www.herouard-benard.com\/fr\/wp-json\/wp\/v2\/product_cat?post=3755"},{"taxonomy":"product_tag","embeddable":true,"href":"https:\/\/www.herouard-benard.com\/fr\/wp-json\/wp\/v2\/product_tag?post=3755"}],"curies":[{"name":"wp","href":"https:\/\/api.w.org\/{rel}","templated":true}]}}