{"id":3742,"date":"2022-10-26T16:06:39","date_gmt":"2022-10-26T14:06:39","guid":{"rendered":"https:\/\/qvyhofm.cluster028.hosting.ovh.net\/?post_type=product&#038;p=3742"},"modified":"2022-11-18T09:17:11","modified_gmt":"2022-11-18T08:17:11","slug":"ligature-alliance-tradition-pour-clarinette","status":"publish","type":"product","link":"https:\/\/www.herouard-benard.com\/fr\/produit\/accessoires-pour-clarinettes\/ligatures-pour-clarinettes\/ligature-alliance-tradition-pour-clarinette\/","title":{"rendered":"Ligature Alliance Tradition pour clarinette"},"content":{"rendered":"","protected":false},"excerpt":{"rendered":"<ul>\n<li>Ligature en m\u00e9tal : Une seule vis<\/li>\n<li>Deux plots sur le pr\u00e9form\u00e9 de l&rsquo;anche<\/li>\n<li>Un design et un poids de m\u00e9tal qui accentuent les qualit\u00e9s du son.<\/li>\n<li>Tr\u00e8s grande facilit\u00e9 d&rsquo;\u00e9mission. Gain sonore sur l&rsquo;ensemble de la gamme<\/li>\n<li>Pour clarinette Sib et\u00a0 Si allemande<\/li>\n<\/ul>\n","protected":false},"featured_media":5933,"comment_status":"closed","ping_status":"closed","template":"","meta":[],"product_brand":[],"product_cat":[38,25],"product_tag":[],"class_list":{"0":"post-3742","1":"product","2":"type-product","3":"status-publish","4":"has-post-thumbnail","6":"product_cat-accessoires-pour-clarinettes","7":"product_cat-ligatures-pour-clarinettes","9":"first","10":"instock","11":"shipping-taxable","12":"purchasable","13":"product-type-variable"},"aioseo_notices":[],"_links":{"self":[{"href":"https:\/\/www.herouard-benard.com\/fr\/wp-json\/wp\/v2\/product\/3742","targetHints":{"allow":["GET"]}}],"collection":[{"href":"https:\/\/www.herouard-benard.com\/fr\/wp-json\/wp\/v2\/product"}],"about":[{"href":"https:\/\/www.herouard-benard.com\/fr\/wp-json\/wp\/v2\/types\/product"}],"replies":[{"embeddable":true,"href":"https:\/\/www.herouard-benard.com\/fr\/wp-json\/wp\/v2\/comments?post=3742"}],"wp:featuredmedia":[{"embeddable":true,"href":"https:\/\/www.herouard-benard.com\/fr\/wp-json\/wp\/v2\/media\/5933"}],"wp:attachment":[{"href":"https:\/\/www.herouard-benard.com\/fr\/wp-json\/wp\/v2\/media?parent=3742"}],"wp:term":[{"taxonomy":"product_brand","embeddable":true,"href":"https:\/\/www.herouard-benard.com\/fr\/wp-json\/wp\/v2\/product_brand?post=3742"},{"taxonomy":"product_cat","embeddable":true,"href":"https:\/\/www.herouard-benard.com\/fr\/wp-json\/wp\/v2\/product_cat?post=3742"},{"taxonomy":"product_tag","embeddable":true,"href":"https:\/\/www.herouard-benard.com\/fr\/wp-json\/wp\/v2\/product_tag?post=3742"}],"curies":[{"name":"wp","href":"https:\/\/api.w.org\/{rel}","templated":true}]}}