{"id":1806,"date":"2022-05-16T16:27:42","date_gmt":"2022-05-16T14:27:42","guid":{"rendered":"http:\/\/qvyhofm.cluster028.hosting.ovh.net\/?post_type=product&#038;p=1806"},"modified":"2022-12-08T14:07:06","modified_gmt":"2022-12-08T13:07:06","slug":"ligature-harmonie-pour-saxophone","status":"publish","type":"product","link":"https:\/\/www.herouard-benard.com\/fr\/produit\/accessoires-pour-saxophones\/ligatures-pour-saxophones\/ligature-harmonie-pour-saxophone\/","title":{"rendered":"Ligature Harmonie pour saxophone"},"content":{"rendered":"","protected":false},"excerpt":{"rendered":"<ul>\n<li>En m\u00e9tal avec 2 vis.<\/li>\n<li>Deux plots sur le pr\u00e9form\u00e9 de l&rsquo;anche.<\/li>\n<li>Ampleur de sonorit\u00e9, grande facilit\u00e9 d&rsquo;\u00e9mission, meilleur d\u00e9tach\u00e9 surtout dans les aigus.<\/li>\n<li>Pour tous les saxophones : Soprano, Alto, T\u00e9nor, Baryton.<\/li>\n<li>Traitement de surface : plaqu\u00e9e or rose, argent\u00e9e, vernie, vernie or vieilli, nickel\u00e9e noire, nickel\u00e9e.<\/li>\n<li>Couvre-bec HB3000 adaptable.<\/li>\n<\/ul>\n","protected":false},"featured_media":965,"comment_status":"closed","ping_status":"closed","template":"","meta":[],"product_brand":[],"product_cat":[48,49],"product_tag":[],"class_list":{"0":"post-1806","1":"product","2":"type-product","3":"status-publish","4":"has-post-thumbnail","6":"product_cat-accessoires-pour-saxophones","7":"product_cat-ligatures-pour-saxophones","9":"first","10":"instock","11":"shipping-taxable","12":"purchasable","13":"product-type-variable"},"aioseo_notices":[],"_links":{"self":[{"href":"https:\/\/www.herouard-benard.com\/fr\/wp-json\/wp\/v2\/product\/1806","targetHints":{"allow":["GET"]}}],"collection":[{"href":"https:\/\/www.herouard-benard.com\/fr\/wp-json\/wp\/v2\/product"}],"about":[{"href":"https:\/\/www.herouard-benard.com\/fr\/wp-json\/wp\/v2\/types\/product"}],"replies":[{"embeddable":true,"href":"https:\/\/www.herouard-benard.com\/fr\/wp-json\/wp\/v2\/comments?post=1806"}],"wp:featuredmedia":[{"embeddable":true,"href":"https:\/\/www.herouard-benard.com\/fr\/wp-json\/wp\/v2\/media\/965"}],"wp:attachment":[{"href":"https:\/\/www.herouard-benard.com\/fr\/wp-json\/wp\/v2\/media?parent=1806"}],"wp:term":[{"taxonomy":"product_brand","embeddable":true,"href":"https:\/\/www.herouard-benard.com\/fr\/wp-json\/wp\/v2\/product_brand?post=1806"},{"taxonomy":"product_cat","embeddable":true,"href":"https:\/\/www.herouard-benard.com\/fr\/wp-json\/wp\/v2\/product_cat?post=1806"},{"taxonomy":"product_tag","embeddable":true,"href":"https:\/\/www.herouard-benard.com\/fr\/wp-json\/wp\/v2\/product_tag?post=1806"}],"curies":[{"name":"wp","href":"https:\/\/api.w.org\/{rel}","templated":true}]}}