{"id":3,"date":"2021-06-16T14:25:43","date_gmt":"2021-06-16T12:25:43","guid":{"rendered":"http:\/\/qvyhofm.cluster028.hosting.ovh.net\/?page_id=3"},"modified":"2024-07-25T20:07:42","modified_gmt":"2024-07-25T18:07:42","slug":"politique-de-confidentialite","status":"publish","type":"page","link":"https:\/\/www.herouard-benard.com\/fr\/politique-de-confidentialite\/","title":{"rendered":"Politique de confidentialit\u00e9"},"content":{"rendered":"\n<p>This privacy policy applies to citizens and legal permanent reidents of the Europeen  Economic Aerea ans Switzerlandlast updated on 06\/05\/2023<\/p>\n\n\n\n<h2 class=\"wp-block-heading\">Collecte de l\u2019information<\/h2>\n\n\n\n<p>Les activit\u00e9s relatives \u00e0 notre site internet herouard-benard.com entra\u00eenent des traitements de donn\u00e9es personnelles. Ces donn\u00e9es sont collect\u00e9es et trait\u00e9es tout en respectant la vie priv\u00e9e conform\u00e9ment \u00e0 la r\u00e9glementation en vigueur en France et en Europe notamment en application de la loi informatique et libert\u00e9s et du R\u00e8glement G\u00e9n\u00e9ral sur la Protection des Donn\u00e9es (RGPD).<\/p>\n\n\n\n<p>Nous recueillons des informations lorsque&nbsp;vous nous contactez via notre formulaire de demande de contact.<\/p>\n\n\n\n<p>Les donn\u00e9es personnelles recueillies sur notre site web sont limit\u00e9es au strict n\u00e9cessaire (minimisation des donn\u00e9es). Elles incluent votre \u00e9tat civil, nom, pr\u00e9nom, adresse e-mail, num\u00e9ro de t\u00e9l\u00e9phone\u2026 En outre, nous recevons et enregistrons automatiquement des informations \u00e0 partir de votre ordinateur et navigateur, y compris votre adresse IP, vos logiciels et votre mat\u00e9riel, et la page que vous demandez.<\/p>\n\n\n\n<p>Les donn\u00e9es faisant l\u2019objet d\u2019un traitement sont conserv\u00e9es pendant une dur\u00e9e n\u2019exc\u00e9dant pas celle n\u00e9cessaire aux finalit\u00e9s pour lesquelles elles sont enregistr\u00e9es (principe de minimisation des traitements) ou pour permettre de r\u00e9pondre \u00e0 des obligations l\u00e9gales.<\/p>\n\n\n\n<h2 class=\"wp-block-heading\">Utilisation des informations<\/h2>\n\n\n\n<p>Toutes les informations que nous recueillons aupr\u00e8s de vous peuvent \u00eatre utilis\u00e9es pour :<\/p>\n\n\n\n<ul class=\"wp-block-list\">\n<li>Personnaliser votre exp\u00e9rience et r\u00e9pondre \u00e0 vos besoins individuels<\/li>\n\n\n\n<li>Fournir un contenu publicitaire personnalis\u00e9<\/li>\n\n\n\n<li>Am\u00e9liorer notre site internet<\/li>\n\n\n\n<li>Am\u00e9liorer le service client et vos besoins de prise en charge<\/li>\n\n\n\n<li>Vous contacter par e-mail<\/li>\n\n\n\n<li>Administrer un concours, une promotion, ou une enqu\u00eate<\/li>\n\n\n\n<li>Pr\u00e9venir et lutter contre la fraude informatique<\/li>\n<\/ul>\n\n\n\n<h2 class=\"wp-block-heading\">Divulgation \u00e0 des tiers<\/h2>\n\n\n\n<p>Nous ne vendons, n\u2019\u00e9changeons et ne transf\u00e9rons pas vos informations personnelles identifiables \u00e0 des tiers. Cela ne comprend pas les tierce parties de confiance qui nous aident \u00e0 exploiter notre site web ou \u00e0 mener nos affaires, tant que ces parties conviennent de garder ces informations confidentielles.<\/p>\n\n\n\n<p>Nous pensons qu\u2019il est n\u00e9cessaire de partager des informations afin d\u2019enqu\u00eater, de pr\u00e9venir ou de prendre des mesures concernant des activit\u00e9s ill\u00e9gales, fraudes pr\u00e9sum\u00e9es, situations impliquant des menaces potentielles \u00e0 la s\u00e9curit\u00e9 physique de toute personne, violations de nos conditions d\u2019utilisation, ou quand la loi nous y contraint.<\/p>\n\n\n\n<p>Les informations non-priv\u00e9es, cependant, peuvent \u00eatre fournies \u00e0 d\u2019autres parties pour le marketing, la publicit\u00e9, ou d\u2019autres utilisations.<\/p>\n\n\n\n<h2 class=\"wp-block-heading\">Protection des informations<\/h2>\n\n\n\n<p>Nous mettons en \u0153uvre une vari\u00e9t\u00e9 de mesures de s\u00e9curit\u00e9 techniques et organisationnelles en vue de garantir la s\u00e9curit\u00e9, l\u2019int\u00e9grit\u00e9 et la confidentialit\u00e9 de toutes vos donn\u00e9es \u00e0 caract\u00e8re personnel.<\/p>\n\n\n\n<p>Vos donn\u00e9es personnelles sont chiffr\u00e9es et s\u00e9curis\u00e9es chaque fois qu\u2019elles sont transmises sur les serveurs sur lesquels notre site web est h\u00e9berg\u00e9, et ce gr\u00e2ce au protocole de s\u00e9curisation SSL (un \u00ab\u00a0cadenas\u00a0\u00bb est visible dans l\u2019url de notre site internet qui commence par https). Ces donn\u00e9es sont stock\u00e9es par notre h\u00e9bergeur dans un environnement s\u00e9curis\u00e9.<\/p>\n\n\n\n<p>Nous prot\u00e9geons \u00e9galement vos informations hors ligne. Seuls les employ\u00e9s qui ont besoin d\u2019effectuer un travail sp\u00e9cifique (par exemple, la facturation ou le service \u00e0 la client\u00e8le) ont acc\u00e8s aux informations personnelles identifiables.<\/p>\n\n\n\n<h2 class=\"wp-block-heading\">Politique relative aux cookies<\/h2>\n\n\n\n<p>Notre site web utilise des cookies et autres technologies li\u00e9es (par simplification, toutes ces technologies sont d\u00e9sign\u00e9es par le terme \u00ab cookies \u00bb). Des cookies sont \u00e9galement plac\u00e9s par des tierces parties que nous avons engag\u00e9es. Un cookie est un petit fichier simple envoy\u00e9 avec les pages de ce site web et stock\u00e9 par votre navigateur sur le disque dur de votre ordinateur ou d\u2019un autre appareil. Les informations qui y sont stock\u00e9es peuvent \u00eatre renvoy\u00e9es \u00e0 nos serveurs ou aux serveurs des tierces parties concern\u00e9es lors d\u2019une visite ult\u00e9rieure.<\/p>\n\n\n\n<p>Les informations recueillies par le biais de ces cookies ne permettent en aucune mani\u00e8re de vous identifier nominativement. Elles sont utilis\u00e9es exclusivement pour nos besoins propres afin d\u2019am\u00e9liorer l\u2019interactivit\u00e9 et la performance de notre site web et de vous adresser des contenus adapt\u00e9s \u00e0 vos centres d\u2019int\u00e9r\u00eats. Aucune de ces informations ne fait l\u2019objet d\u2019une communication aupr\u00e8s de tiers sauf lorsque nous avons obtenu au pr\u00e9alable votre consentement ou bien lorsque la divulgation de ces informations est requise par la loi.<\/p>\n\n\n\n<p>Notre politique relative aux cookies vous permet de mieux comprendre l\u2019ensemble des cookies pr\u00e9sents sur notre site web, leur finalit\u00e9 et vous donne la marche \u00e0 suivre pour les param\u00e9trer.<\/p>\n\n\n\n<h3 class=\"wp-block-heading\">Cookies techniques ou fonctionnels<\/h3>\n\n\n\n<p>Certains cookies assurent le fonctionnement correct de certaines parties du site web, la prise en compte de vos pr\u00e9f\u00e9rences en tant qu\u2019utilisateur ou ont pour finalit\u00e9 exclusive de permettre ou faciliter la communication par voie \u00e9lectronique. En pla\u00e7ant des cookies fonctionnels, nous vous facilitons la visite de notre site web. Ainsi, vous n\u2019avez pas besoin de saisir \u00e0 plusieurs reprises les m\u00eames informations lors de la visite de notre site web.<\/p>\n\n\n\n<p>Il s\u2019agit notamment des cookies d\u2019identifiant de session et d\u2019authentification, de session d\u2019\u00e9quilibrage de charge, de personnalisation de votre interface (pr\u00e9f\u00e9rences linguistiques, gestion des cookies\u2026), de stockage de donn\u00e9es (formulaire, panier d\u2019achat, derniers produits consult\u00e9s&#8230;). Nous pouvons placer ces cookies sans votre consentement.<\/p>\n\n\n\n<h3 class=\"wp-block-heading\">Cookies de performances et de fonctionnalit\u00e9s<\/h3>\n\n\n\n<p>Ces cookies n\u00e9cessitent le recueil pr\u00e9alable de votre consentement car ils sont \u00e9mis par des tiers et sont qualifi\u00e9s de \u00ab persistants \u00bb dans la mesure o\u00f9 ils demeurent sur votre terminal jusqu&rsquo;\u00e0 leur effacement ou leur date d\u2019expiration.<\/p>\n\n\n\n<p>Il s\u2019agit par exemple de cookies statistiques afin d\u2019optimiser l\u2019exp\u00e9rience des internautes sur notre site web&nbsp;; cookies publicitaires qui nous permettent d\u2019avoir une observation des r\u00e9sultats d\u2019une campagne publicitaire&nbsp;; cookies de marketing\/suivi afin d\u2019afficher de la publicit\u00e9 ou de suivre l\u2019utilisateur sur ce site web ou sur plusieurs sites web dans des finalit\u00e9s marketing similaires&nbsp;; cookies de r\u00e9seaux sociaux pour promouvoir des pages web ou les partager sur des r\u00e9seaux sociaux comme Facebook, Twitter, LinkedIn&#8230;&nbsp;; cookies de contenus tiers embarqu\u00e9s (carte Google Maps, vid\u00e9o YouTube, flux de Facebook, d\u2019Instagram\u2026)<\/p>\n\n\n\n<p>De tels cookies \u00e9tant \u00e9mis par des tiers, leur utilisation et leur d\u00e9p\u00f4t sont soumis \u00e0 leurs propres politiques de confidentialit\u00e9 et nous n\u2019avons donc aucun contr\u00f4le sur la collecte des informations effectu\u00e9e par ces services tiers. L\u2019utilisateur est invit\u00e9 \u00e0 consulter les politiques de protection de la vie priv\u00e9e de chaque service tiers (un lien vers le service tiers est fourni dans la fen\u00eatre de gestion des cookies).<\/p>\n\n\n\n<p>Voici les cookies de performances et de fonctionnalit\u00e9s que nous utilisons sur notre site web :<\/p>\n\n\n\n<ul class=\"wp-block-list\">\n<li><strong>hCaptcha&nbsp;:<\/strong> nous utilisons ce service conforme aux recommandations RGPD pour prot\u00e9ger les entr\u00e9es des formulaires sur notre site (case \u00e0 cocher antispam \u00ab&nbsp;Je ne suis un humain \u00bb). Ce service est utilis\u00e9 pour diff\u00e9rencier les entr\u00e9es faites par un \u00eatre humain des abus automatis\u00e9s.<\/li>\n\n\n\n<li><strong>Tarteaucitron&nbsp;:<\/strong> nous utilisons ce service pour la gestion du consentement aux cookies. <a href=\"https:\/\/cookiedatabase.org\/cookie\/unknown-service\/tarteaucitron\/\" target=\"_blank\" rel=\"noopener\">Plus d\u2019infos<\/a><\/li>\n\n\n\n<li><strong>Google Maps&nbsp;:<\/strong> nous utilisons ce service pour l\u2019affichage de cartes interactives et d\u2019itin\u00e9raires. <a href=\"https:\/\/cookiedatabase.org\/service\/google-maps\/\" target=\"_blank\" rel=\"noopener\">Plus d\u2019infos<\/a><\/li>\n<\/ul>\n\n\n\n<h3 class=\"wp-block-heading\">Gestion des cookies<\/h3>\n\n\n\n<p>Un bandeau en bas du site vous informe de la pr\u00e9sence de cookies uniquement sur les pages du site concern\u00e9es et vous invite \u00e0 indiquer votre choix. Vous pouvez les accepter ou les refuser soit globalement pour le site, soit service par service en cliquant sur le bouton \u00ab\u00a0Personnaliser\u00a0\u00bb pr\u00e9sent dans la barre des cookies. Les cookies ne sont d\u00e9pos\u00e9s que si vous les acceptez. Vous pouvez modifier votre consentement en cliquant sur l&rsquo;ic\u00f4ne repr\u00e9sentant des cookies en bas \u00e0 droite du site (le clic sur cette ic\u00f4ne n&rsquo;est possible que sur les pages du site o\u00f9 des cookies sont pr\u00e9sents).<\/p>\n\n\n\n<p>Il est possible de configurer votre navigateur pour emp\u00eacher l\u2019utilisation et stockage de cookies sur votre dispositif et\/ou que l\u2019on vous demande \u00e0 chaque visite d\u2019un site d\u2019activer les cookies. Vous pouvez \u00e9galement, \u00e0 tout moment, supprimer les cookies qui ont \u00e9t\u00e9 r\u00e9activ\u00e9s. Consultez la rubrique d\u2019aide de votre navigateur pour savoir comment faire. Veuillez noter que la d\u00e9sactivation globale des cookies peut entra\u00eener des dysfonctionnements sur notre site.<\/p>\n\n\n\n<h2 class=\"wp-block-heading\">Droit d\u2019acc\u00e8s, de rectification et d\u2019opposition<\/h2>\n\n\n\n<p>Conform\u00e9ment \u00e0 la r\u00e9glementation europ\u00e9enne en vigueur, vous disposez \u00e0 tout moment :<\/p>\n\n\n\n<ul class=\"wp-block-list\">\n<li>d&rsquo;un droit d&rsquo;acc\u00e8s et de rectification, de mise \u00e0 jour, de compl\u00e9tude ou d\u2019effacement des donn\u00e9es \u00e0 caract\u00e8re personnel (dans la mesure o\u00f9 cela n\u2019emp\u00eache pas la bonne ex\u00e9cution du contrat ou le respect des obligations l\u00e9gales)<\/li>\n\n\n\n<li>d\u2019un droit de modifier ou retirer \u00e0 tout moment un consentement<\/li>\n\n\n\n<li>d\u2019un droit \u00e0 la limitation du traitement des donn\u00e9es<\/li>\n\n\n\n<li>d\u2019un droit d\u2019opposition au traitement des donn\u00e9es ou d\u2019un droit \u00e0 la portabilit\u00e9 des donn\u00e9es dans les conditions fix\u00e9es par la r\u00e9glementation europ\u00e9enne<\/li>\n\n\n\n<li>d\u2019un droit de d\u00e9finir le sort des donn\u00e9es apr\u00e8s votre mort et de choisir \u00e0 qui les communiquer (ou non) aupr\u00e8s du tiers que vous aurez pr\u00e9alablement d\u00e9sign\u00e9<\/li>\n<\/ul>\n\n\n\n<p>Pour toute information sur les donn\u00e9es collect\u00e9es ou exercer vos droits, vous pouvez contacter le responsable du traitement des donn\u00e9es personnelles (voir \u00ab&nbsp;Responsable du traitement&nbsp;\u00bb).<\/p>\n\n\n\n<h2 class=\"wp-block-heading\">Responsable du traitement<\/h2>\n\n\n\n<p>Le responsable de traitement des donn\u00e9es est la soci\u00e9t\u00e9 Herouard et Benard, repr\u00e9sent\u00e9e par son repr\u00e9sentant l\u00e9gal M. Robin CHEVRETEAU, formulaire de contact.<\/p>\n\n\n\n<p>Pour exercer vos droits, vous devrez indiquer les donn\u00e9es personnelles \u00e0 corriger, mettre \u00e0 jour ou supprimer, en vous identifiant pr\u00e9cis\u00e9ment avec une copie d\u2019une pi\u00e8ce d\u2019identit\u00e9 (carte d\u2019identit\u00e9 ou passeport). Si vous n\u2019\u00eates pas satisfait de nos \u00e9changes, vous avez la possibilit\u00e9 de d\u00e9poser une r\u00e9clamation aupr\u00e8s des autorit\u00e9s de contr\u00f4le, et notamment de la <a href=\"https:\/\/www.cnil.fr\/fr\/plaintes\" target=\"_blank\" rel=\"noreferrer noopener\">CNIL<\/a>.<\/p>\n\n\n\n<h2 class=\"wp-block-heading\">Consentement<\/h2>\n\n\n\n<p>En utilisant notre site, vous consentez \u00e0 notre politique de confidentialit\u00e9.<\/p>\n","protected":false},"excerpt":{"rendered":"<p>This privacy policy applies to citizens and legal permanent reidents of the Europeen Economic Aerea ans Switzerlandlast updated on 06\/05\/2023 Collecte de l\u2019information Les activit\u00e9s relatives \u00e0 notre site internet herouard-benard.com entra\u00eenent des traitements de donn\u00e9es personnelles. Ces donn\u00e9es sont collect\u00e9es et trait\u00e9es tout en respectant la vie priv\u00e9e conform\u00e9ment \u00e0 la r\u00e9glementation en vigueur [&hellip;]<\/p>\n","protected":false},"author":1,"featured_media":0,"parent":0,"menu_order":0,"comment_status":"closed","ping_status":"closed","template":"","meta":{"footnotes":""},"class_list":["post-3","page","type-page","status-publish","hentry"],"aioseo_notices":[],"_links":{"self":[{"href":"https:\/\/www.herouard-benard.com\/fr\/wp-json\/wp\/v2\/pages\/3","targetHints":{"allow":["GET"]}}],"collection":[{"href":"https:\/\/www.herouard-benard.com\/fr\/wp-json\/wp\/v2\/pages"}],"about":[{"href":"https:\/\/www.herouard-benard.com\/fr\/wp-json\/wp\/v2\/types\/page"}],"author":[{"embeddable":true,"href":"https:\/\/www.herouard-benard.com\/fr\/wp-json\/wp\/v2\/users\/1"}],"replies":[{"embeddable":true,"href":"https:\/\/www.herouard-benard.com\/fr\/wp-json\/wp\/v2\/comments?post=3"}],"version-history":[{"count":1,"href":"https:\/\/www.herouard-benard.com\/fr\/wp-json\/wp\/v2\/pages\/3\/revisions"}],"predecessor-version":[{"id":7968,"href":"https:\/\/www.herouard-benard.com\/fr\/wp-json\/wp\/v2\/pages\/3\/revisions\/7968"}],"wp:attachment":[{"href":"https:\/\/www.herouard-benard.com\/fr\/wp-json\/wp\/v2\/media?parent=3"}],"curies":[{"name":"wp","href":"https:\/\/api.w.org\/{rel}","templated":true}]}}