{"id":159,"date":"2021-06-25T16:39:47","date_gmt":"2021-06-25T14:39:47","guid":{"rendered":"http:\/\/qvyhofm.cluster028.hosting.ovh.net\/?page_id=159"},"modified":"2024-07-30T10:19:18","modified_gmt":"2024-07-30T08:19:18","slug":"au-service-de-la-musique","status":"publish","type":"page","link":"https:\/\/www.herouard-benard.com\/fr\/au-service-de-la-musique\/","title":{"rendered":"Au service de la musique"},"content":{"rendered":"<h1>Au service de la musique<\/h1>\n<div>\n<p>Notre entreprise s&rsquo;appuie sur: <\/p>\n<ul>\n<li>Notre savoir faire, notre experience<\/li>\n<li>La qualit\u00e9 de nos produits de fabrication fran\u00e7aise et l&rsquo;utilisation de mat\u00e9riaux nobles<\/li>\n<li>Notre contr\u00f4le qualit\u00e9<\/li>\n<li>Le respect des d\u00e9lais<\/li>\n<li>Notre flexibilit\u00e9<\/li>\n<li>Notre souci du d\u00e9tail<\/li>\n<li>La comp\u00e9tence de ses collaborateurs<\/li>\n<\/ul>\n<p>Nos pr\u00e9ocupations quotidiennes sont: :<\/p>\n<ul>\n<li>Am\u00e9liorer sans cesse la qualit\u00e9 des nos produits et des proc\u00e9d\u00e9s de fabrication<\/li>\n<li>L&rsquo;innovation<\/li>\n<li>L&rsquo;\u00e9coute des musiciens et de tous nos partenaires<\/li>\n<\/ul>\n<\/div>\n<p><img decoding=\"async\" src=\"https:\/\/www.herouard-benard.com\/wp-content\/uploads\/slide-saxophone.jpg\" alt=\"Saxophone\"><\/p>\n<p><!--more--><br \/>\n<!-- {\"type\":\"layout\",\"children\":[{\"type\":\"section\",\"props\":{\"image\":\"wp-content\\\/uploads\\\/musique-clarinette-background.jpg\",\"image_position\":\"center-center\",\"image_size\":\"cover\",\"media_overlay_gradient\":\"linear-gradient(135deg, rgba(236,60,60,0.8) 30%, rgba(223,70,15,0.8) 100%)\",\"style\":\"default\",\"text_color\":\"light\",\"title_breakpoint\":\"xl\",\"title_position\":\"top-left\",\"title_rotation\":\"left\",\"vertical_align\":\"\",\"width\":\"default\"},\"children\":[{\"type\":\"row\",\"children\":[{\"type\":\"column\",\"props\":{\"image_position\":\"center-center\",\"position_sticky_breakpoint\":\"m\"},\"children\":[{\"type\":\"headline\",\"props\":{\"content\":\"Au service de la musique\",\"title_element\":\"h1\",\"title_style\":\"heading-medium\"}}]}]}],\"name\":\"Entete\"},{\"type\":\"section\",\"props\":{\"animation\":\"fade\",\"image_position\":\"center-center\",\"style\":\"default\",\"title_breakpoint\":\"xl\",\"title_position\":\"top-left\",\"title_rotation\":\"left\",\"vertical_align\":\"\",\"width\":\"default\"},\"children\":[{\"type\":\"row\",\"children\":[{\"type\":\"column\",\"props\":{\"image_position\":\"center-center\",\"position_sticky_breakpoint\":\"m\"},\"children\":[{\"type\":\"text\",\"props\":{\"column_breakpoint\":\"m\",\"content\":\"\n\n<p>Notre entreprise s'appuie sur: <\\\/p>\\n\n\n<ul>\\n\n\n<li>Notre savoir faire, notre experience<\\\/li>\\n\n\n<li>La qualit\\u00e9 de nos produits de fabrication fran\\u00e7aise et l'utilisation de mat\\u00e9riaux nobles<\\\/li>\\n\n\n<li>Notre contr\\u00f4le qualit\\u00e9<\\\/li>\\n\n\n<li>Le respect des d\\u00e9lais<\\\/li>\\n\n\n<li>Notre flexibilit\\u00e9<\\\/li>\\n\n\n<li>Notre souci du d\\u00e9tail<\\\/li>\\n\n\n<li>La comp\\u00e9tence de ses collaborateurs<\\\/li>\\n<\\\/ul>\\n\n\n<p>Nos pr\\u00e9ocupations quotidiennes sont: :<\\\/p>\\n\n\n<ul>\\n\n\n<li>Am\\u00e9liorer sans cesse la qualit\\u00e9 des nos produits et des proc\\u00e9d\\u00e9s de fabrication<\\\/li>\\n\n\n<li>L'innovation<\\\/li>\\n\n\n<li>L'\\u00e9coute des musiciens et de tous nos partenaires<\\\/li>\\n<\\\/ul>\",\"margin\":\"default\"}},{\"type\":\"image\",\"props\":{\"image\":\"wp-content\\\/uploads\\\/slide-saxophone.jpg\",\"image_alt\":\"Saxophone\",\"image_svg_color\":\"emphasis\",\"margin\":\"default\"}}]}]}]}],\"version\":\"4.4.4\"} --><\/p>\n","protected":false},"excerpt":{"rendered":"<p>Au service de la musique Notre entreprise s&rsquo;appuie sur: Notre savoir faire, notre experience La qualit\u00e9 de nos produits de fabrication fran\u00e7aise et l&rsquo;utilisation de mat\u00e9riaux nobles Notre contr\u00f4le qualit\u00e9 Le respect des d\u00e9lais Notre flexibilit\u00e9 Notre souci du d\u00e9tail La comp\u00e9tence de ses collaborateurs Nos pr\u00e9ocupations quotidiennes sont: : Am\u00e9liorer sans cesse la qualit\u00e9 [&hellip;]<\/p>\n","protected":false},"author":1,"featured_media":0,"parent":0,"menu_order":0,"comment_status":"closed","ping_status":"closed","template":"","meta":{"footnotes":""},"class_list":["post-159","page","type-page","status-publish","hentry"],"aioseo_notices":[],"_links":{"self":[{"href":"https:\/\/www.herouard-benard.com\/fr\/wp-json\/wp\/v2\/pages\/159","targetHints":{"allow":["GET"]}}],"collection":[{"href":"https:\/\/www.herouard-benard.com\/fr\/wp-json\/wp\/v2\/pages"}],"about":[{"href":"https:\/\/www.herouard-benard.com\/fr\/wp-json\/wp\/v2\/types\/page"}],"author":[{"embeddable":true,"href":"https:\/\/www.herouard-benard.com\/fr\/wp-json\/wp\/v2\/users\/1"}],"replies":[{"embeddable":true,"href":"https:\/\/www.herouard-benard.com\/fr\/wp-json\/wp\/v2\/comments?post=159"}],"version-history":[{"count":10,"href":"https:\/\/www.herouard-benard.com\/fr\/wp-json\/wp\/v2\/pages\/159\/revisions"}],"predecessor-version":[{"id":8001,"href":"https:\/\/www.herouard-benard.com\/fr\/wp-json\/wp\/v2\/pages\/159\/revisions\/8001"}],"wp:attachment":[{"href":"https:\/\/www.herouard-benard.com\/fr\/wp-json\/wp\/v2\/media?parent=159"}],"curies":[{"name":"wp","href":"https:\/\/api.w.org\/{rel}","templated":true}]}}