{"id":117,"date":"2021-06-25T15:28:40","date_gmt":"2021-06-25T13:28:40","guid":{"rendered":"http:\/\/qvyhofm.cluster028.hosting.ovh.net\/?page_id=117"},"modified":"2022-03-25T10:33:12","modified_gmt":"2022-03-25T09:33:12","slug":"histoire-de-notre-societe","status":"publish","type":"page","link":"https:\/\/www.herouard-benard.com\/fr\/histoire-de-notre-societe\/","title":{"rendered":"Notre histoire"},"content":{"rendered":"<h1>Notre histoire<\/h1>\n<h2>Herouard et Benard<\/h2>\n<p><img decoding=\"async\" src=\"https:\/\/www.herouard-benard.com\/wp-content\/uploads\/logo-herouard-et-benard-france.jpg\" alt=\"\"><\/p>\n<div>\n<p>Echappant aux affres de la r\u00e9volution fran\u00e7aise de 1789, Rose BUFFET \u00e9pousa Jean Jacques HEROUARD le 09\/06\/1800 \u00e0 la Couture Boussey. Leur fils Jacques Fran\u00e7ois HEROUARD, luthier, tourneur en instruments \u00e9migra \u00e0 Ezy sur Eure. Le secteur de La couture Boussey qui, comprend, outre cette commune, les communes d\u2019Ezy sur Eure, Ivry la Bataille, Garennes sur Eure est consid\u00e9r\u00e9 comme le berceau fran\u00e7ais des instruments \u00e0 vent.<\/p>\n<p>N\u00e9 le 09\/02\/66 leur petit fils, Alfred HEROUARD, luthier, d\u00e9veloppa la fabrication des ligatures de clarinettes. Il mourut jeune, laissant son \u00e9pouse \u00e9lever leurs deux fils. Ma\u00eetresse femme, originale, elle dirigea l\u2019entreprise.<\/p>\n<p>Son fils a\u00een\u00e9, Pierre HEROUARD, n\u00e9 en 1901, passionn\u00e9 d\u2019aviation, quitta tr\u00e8s vite l\u2019entreprise Farman et cr\u00e9a la SNC HEROUARD FRERES puis la SNC HEROUARD PIERRE. Cet esprit ing\u00e9nieux d\u00e9veloppa et am\u00e9liora la fabrication des ligatures de de clarinettes mais aussi de saxophones. Il mit au point un \u00ab capuchon \u00bb (qui permettait de prot\u00e9ger l\u2019anche fragile positionn\u00e9e sur le bec) qu\u2019on appelle d\u2019ailleurs \u00ab Couvre-bec \u00bb). Les clients, facteurs d\u2019instruments ou de becs se trouvaient dans les communes avoisinantes, dans la capitale, et apr\u00e8s la 2\u00e8me guerre mondiale, aux Etats unis et au Japon.<\/p>\n<\/div>\n<div>\n<p>        <img decoding=\"async\" src=\"https:\/\/www.herouard-benard.com\/wp-content\/uploads\/Herouard-Pierre.jpg\" alt=\"HERROUARD Pierre\"><\/p>\n<p>HERROUARD Pierre<\/p>\n<\/div>\n<div>\n<p>        <img decoding=\"async\" src=\"https:\/\/www.herouard-benard.com\/wp-content\/uploads\/Benard-Marcel.jpg\" alt=\"BENARD Marcel\"><\/p>\n<p>BENARD Marcel<\/p>\n<\/div>\n<div>\n<p>Claudine HEROUARD, sa fille, \u00e9pousa en 1946, Marcel BENARD. Ce dernier, aid\u00e9 de son \u00e9pouse transforma la soci\u00e9t\u00e9 en SARL HEROUARD &amp; BENARD. Entreprise modernis\u00e9e et prosp\u00e8re.<\/p>\n<p>Apr\u00e8s le d\u00e9c\u00e8s de son p\u00e8re en 1988, Michelle BENARD, juriste, quitta sa profession pour p\u00e9renniser l\u2019entreprise et d\u00e9veloppa le march\u00e9 international.<\/p>\n<p>Son fils Robin CHEVRETEAU, scientifique, devint g\u00e9rant de la soci\u00e9t\u00e9. Il acheta en 2007 la branche d\u2019activit\u00e9 de fabrication de tampons des Ets MARTIN-CHANU (branche collat\u00e9rale BUFFET) et cr\u00e9a la Soci\u00e9t\u00e9 RC TAMPONS MUSIQUE. En 2009, la Soci\u00e9t\u00e9 HEROUARD &amp; BENARD acquit la branche d\u2019activit\u00e9 et la marque \u00ab\u00a0LEBAYLE\u00a0\u00bb pour la fabrication des cordons, harnais, Be-Bop, pastilles prot\u00e8ge-becs\u2026<\/p>\n<p>Aujourd\u2019hui, c\u2019est la seule entreprise qui demeure, au sein de ce berceau des instruments \u00e0 vent, d\u00e9tenue par la famille d\u2019origine.<\/p>\n<p>L\u2019esprit de la famille actuelle est, non seulement de maintenir et d\u00e9velopper l\u2019entreprise, mais \u00e9galement de faire revivre la musique dans cette r\u00e9gion de grande tradition musicale (les municipalit\u00e9s poss\u00e9daient des orchestres d\u2019Harmonie tr\u00e8s importants) en aidant \u00e0 la cr\u00e9ation du festival de jazz d\u2019Ezy sur Eure et en sugg\u00e9rant la cr\u00e9ation d\u2019orchestres d\u2019enfants.<\/p>\n<\/div>\n<h2>R Chanu Tampons Musique<\/h2>\n<p><img decoding=\"async\" src=\"https:\/\/www.herouard-benard.com\/wp-content\/uploads\/logo-R-Chanu-tampons-musique.jpg\" alt=\"\"><\/p>\n<div>\n<p>En 1827, une jeune femme de \u00e9\u00e8 ans d\u00e9veloppe une petite fabrication de tampons de clarinette. Elle s\u2019appelle Valentine CHANU. Sa production s\u2019\u00e9coule tr\u00e8s bien au pays des instruments de musique. Les affaires prosp\u00e8rent surtout \u00e0 l\u2019exportation.<\/p>\n<p>En 1946, c\u2019est son fils Maurice qui reprend les r\u00eanes de l\u2019entreprise.<\/p>\n<p>Roger CHANU succ\u00e9dera \u00e0 son p\u00e8re et \u00e9pousera Madeleine MARTIN, descendante de Claude BUFFET n\u00e9 en 1773, fr\u00e8re de Rose BUFFET ascendante de la famille HEROUARD &amp; BENARD.<\/p>\n<p>En 2007, Robin CHEVRETEAU, en participation avec la Soci\u00e9t\u00e9 HEROUARD &amp; BENARD ach\u00e8te la branche d\u2019activit\u00e9 de fabrication des tampons des Etablissements MARTIN CHANU et cr\u00e9e la Soci\u00e9t\u00e9 RC TAMPONS MUSIQUE.<\/p>\n<\/div>\n<div>\n<blockquote>\n<p style=\"text-align: center;\">Herouard &amp; Benard et RC Tampons Musique<\/p>\n<p style=\"text-align: center;\">sont regroup\u00e9s sur un m\u00eame site \u00e0 Ezy-sur-Eure<br \/>afin de vous offrir un large \u00e9ventail d\u2019<strong>accessoires pour instruments de musique \u00e0 vent de fabrication fran\u00e7aise<\/strong>.<\/p>\n<\/blockquote>\n<\/div>\n<p><!--more--><br \/>\n<!-- {\"type\":\"layout\",\"children\":[{\"type\":\"section\",\"props\":{\"style\":\"default\",\"width\":\"default\",\"vertical_align\":\"middle\",\"title_position\":\"top-left\",\"title_rotation\":\"left\",\"title_breakpoint\":\"xl\",\"image_position\":\"center-center\",\"image\":\"wp-content\\\/uploads\\\/musique-clarinette-background.jpg\",\"image_size\":\"cover\",\"text_color\":\"light\",\"media_overlay_gradient\":\"linear-gradient(135deg, rgba(236,60,60,0.8) 30%, rgba(223,70,15,0.8) 100%)\"},\"children\":[{\"type\":\"row\",\"children\":[{\"type\":\"column\",\"props\":{\"image_position\":\"center-center\",\"media_overlay_gradient\":\"\"},\"children\":[{\"type\":\"headline\",\"props\":{\"title_element\":\"h1\",\"content\":\"Notre histoire\",\"title_style\":\"heading-medium\"}}]}]}],\"name\":\"Entete\"},{\"type\":\"section\",\"props\":{\"style\":\"default\",\"width\":\"default\",\"vertical_align\":\"middle\",\"title_position\":\"top-left\",\"title_rotation\":\"left\",\"title_breakpoint\":\"xl\",\"image_position\":\"center-center\",\"animation\":\"fade\"},\"children\":[{\"type\":\"row\",\"props\":{\"layout\":\"expand,large\",\"match\":false,\"width\":\"default\"},\"children\":[{\"type\":\"column\",\"props\":{\"image_position\":\"center-center\",\"media_overlay_gradient\":\"\",\"width_medium\":\"expand\",\"vertical_align\":\"middle\"},\"children\":[{\"type\":\"headline\",\"props\":{\"title_element\":\"h2\",\"content\":\"Herouard et Benard\"}}]},{\"type\":\"column\",\"props\":{\"image_position\":\"center-center\",\"media_overlay_gradient\":\"\",\"width_medium\":\"1-5\",\"vertical_align\":\"middle\"},\"children\":[{\"type\":\"image\",\"props\":{\"margin\":\"default\",\"image_svg_color\":\"emphasis\",\"image\":\"wp-content\\\/uploads\\\/logo-herouard-et-benard-france.jpg\",\"image_height\":\"100\"}}]}]},{\"type\":\"row\",\"children\":[{\"type\":\"column\",\"props\":{\"image_position\":\"center-center\",\"media_overlay_gradient\":\"\"},\"children\":[{\"type\":\"text\",\"props\":{\"margin\":\"default\",\"column_breakpoint\":\"m\",\"content\":\"\n\n<p>Echappant aux affres de la r\\u00e9volution fran\\u00e7aise de 1789, Rose BUFFET \\u00e9pousa Jean Jacques HEROUARD le 09\\\/06\\\/1800 \\u00e0 la Couture Boussey. Leur fils Jacques Fran\\u00e7ois HEROUARD, luthier, tourneur en instruments \\u00e9migra \\u00e0 Ezy sur Eure. Le secteur de La couture Boussey qui, comprend, outre cette commune, les communes d\\u2019Ezy sur Eure, Ivry la Bataille, Garennes sur Eure est consid\\u00e9r\\u00e9 comme le berceau fran\\u00e7ais des instruments \\u00e0 vent.<\\\/p>\\n\n\n<p>N\\u00e9 le 09\\\/02\\\/66 leur petit fils, Alfred HEROUARD, luthier, d\\u00e9veloppa la fabrication des ligatures de clarinettes. Il mourut jeune, laissant son \\u00e9pouse \\u00e9lever leurs deux fils. Ma\\u00eetresse femme, originale, elle dirigea l\\u2019entreprise.<\\\/p>\\n\n\n<p>Son fils a\\u00een\\u00e9, Pierre HEROUARD, n\\u00e9 en 1901, passionn\\u00e9 d\\u2019aviation, quitta tr\\u00e8s vite l\\u2019entreprise Farman et cr\\u00e9a la SNC HEROUARD FRERES puis la SNC HEROUARD PIERRE. Cet esprit ing\\u00e9nieux d\\u00e9veloppa et am\\u00e9liora la fabrication des ligatures de de clarinettes mais aussi de saxophones. Il mit au point un \\u00ab capuchon \\u00bb (qui permettait de prot\\u00e9ger l\\u2019anche fragile positionn\\u00e9e sur le bec) qu\\u2019on appelle d\\u2019ailleurs \\u00ab Couvre-bec \\u00bb). Les clients, facteurs d\\u2019instruments ou de becs se trouvaient dans les communes avoisinantes, dans la capitale, et apr\\u00e8s la 2\\u00e8me guerre mondiale, aux Etats unis et au Japon.<\\\/p>\"}}]}]},{\"type\":\"row\",\"props\":{\"layout\":\"1-2,1-2\",\"width\":\"small\"},\"children\":[{\"type\":\"column\",\"props\":{\"image_position\":\"center-center\",\"media_overlay_gradient\":\"\",\"width_medium\":\"1-2\"},\"children\":[{\"type\":\"panel\",\"props\":{\"link_text\":\"Read more\",\"title_hover_style\":\"reset\",\"title_element\":\"h3\",\"title_align\":\"top\",\"title_grid_width\":\"1-2\",\"title_grid_breakpoint\":\"m\",\"meta_style\":\"meta\",\"meta_align\":\"below-content\",\"meta_element\":\"div\",\"content_column_breakpoint\":\"m\",\"icon_width\":80,\"image_align\":\"top\",\"image_grid_width\":\"1-2\",\"image_grid_breakpoint\":\"m\",\"image_svg_color\":\"emphasis\",\"link_style\":\"default\",\"margin\":\"default\",\"image\":\"wp-content\\\/uploads\\\/Herouard-Pierre.jpg\",\"image_alt\":\"HERROUARD Pierre\",\"meta\":\"HERROUARD Pierre\",\"text_align\":\"center\",\"image_height\":\"350\"}}]},{\"type\":\"column\",\"props\":{\"image_position\":\"center-center\",\"media_overlay_gradient\":\"\",\"width_medium\":\"1-2\"},\"children\":[{\"type\":\"panel\",\"props\":{\"link_text\":\"Read more\",\"title_hover_style\":\"reset\",\"title_element\":\"h3\",\"title_align\":\"top\",\"title_grid_width\":\"1-2\",\"title_grid_breakpoint\":\"m\",\"meta_style\":\"meta\",\"meta_align\":\"below-content\",\"meta_element\":\"div\",\"content_column_breakpoint\":\"m\",\"icon_width\":80,\"image_align\":\"top\",\"image_grid_width\":\"1-2\",\"image_grid_breakpoint\":\"m\",\"image_svg_color\":\"emphasis\",\"link_style\":\"default\",\"margin\":\"default\",\"image\":\"wp-content\\\/uploads\\\/Benard-Marcel.jpg\",\"image_alt\":\"BENARD Marcel\",\"meta\":\"BENARD Marcel\",\"text_align\":\"center\",\"image_height\":\"350\"}}]}]},{\"type\":\"row\",\"children\":[{\"type\":\"column\",\"props\":{\"image_position\":\"center-center\",\"media_overlay_gradient\":\"\"},\"children\":[{\"type\":\"text\",\"props\":{\"margin\":\"default\",\"column_breakpoint\":\"m\",\"content\":\"\n\n<p>Claudine HEROUARD, sa fille, \\u00e9pousa en 1946, Marcel BENARD. Ce dernier, aid\\u00e9 de son \\u00e9pouse transforma la soci\\u00e9t\\u00e9 en SARL HEROUARD &amp; BENARD. Entreprise modernis\\u00e9e et prosp\\u00e8re.<\\\/p>\\n\n\n<p>Apr\\u00e8s le d\\u00e9c\\u00e8s de son p\\u00e8re en 1988, Michelle BENARD, juriste, quitta sa profession pour p\\u00e9renniser l\\u2019entreprise et d\\u00e9veloppa le march\\u00e9 international.<\\\/p>\\n\n\n<p>Son fils Robin CHEVRETEAU, scientifique, devint g\\u00e9rant de la soci\\u00e9t\\u00e9. Il acheta en 2007 la branche d\\u2019activit\\u00e9 de fabrication de tampons des Ets MARTIN-CHANU (branche collat\\u00e9rale BUFFET) et cr\\u00e9a la Soci\\u00e9t\\u00e9 RC TAMPONS MUSIQUE. En 2009, la Soci\\u00e9t\\u00e9 HEROUARD &amp; BENARD acquit la branche d\\u2019activit\\u00e9 et la marque \\\"LEBAYLE\\\" pour la fabrication des cordons, harnais, Be-Bop, pastilles prot\\u00e8ge-becs\\u2026<\\\/p>\\n\n\n<p>Aujourd\\u2019hui, c\\u2019est la seule entreprise qui demeure, au sein de ce berceau des instruments \\u00e0 vent, d\\u00e9tenue par la famille d\\u2019origine.<\\\/p>\\n\n\n<p>L\\u2019esprit de la famille actuelle est, non seulement de maintenir et d\\u00e9velopper l\\u2019entreprise, mais \\u00e9galement de faire revivre la musique dans cette r\\u00e9gion de grande tradition musicale (les municipalit\\u00e9s poss\\u00e9daient des orchestres d\\u2019Harmonie tr\\u00e8s importants) en aidant \\u00e0 la cr\\u00e9ation du festival de jazz d\\u2019Ezy sur Eure et en sugg\\u00e9rant la cr\\u00e9ation d\\u2019orchestres d\\u2019enfants.<\\\/p>\"}}]}]}],\"name\":\"Herouard\"},{\"type\":\"section\",\"props\":{\"style\":\"default\",\"width\":\"default\",\"vertical_align\":\"middle\",\"title_position\":\"top-left\",\"title_rotation\":\"left\",\"title_breakpoint\":\"xl\",\"image_position\":\"center-center\",\"animation\":\"fade\"},\"children\":[{\"type\":\"row\",\"props\":{\"layout\":\"expand,large\",\"match\":false,\"width\":\"default\"},\"children\":[{\"type\":\"column\",\"props\":{\"image_position\":\"center-center\",\"media_overlay_gradient\":\"\",\"width_medium\":\"expand\",\"vertical_align\":\"middle\"},\"children\":[{\"type\":\"headline\",\"props\":{\"title_element\":\"h2\",\"content\":\"R Chanu Tampons Musique\"}}]},{\"type\":\"column\",\"props\":{\"image_position\":\"center-center\",\"media_overlay_gradient\":\"\",\"width_medium\":\"1-5\",\"vertical_align\":\"middle\"},\"children\":[{\"type\":\"image\",\"props\":{\"margin\":\"default\",\"image_svg_color\":\"emphasis\",\"image\":\"wp-content\\\/uploads\\\/logo-R-Chanu-tampons-musique.jpg\",\"image_height\":\"100\"}}]}]},{\"type\":\"row\",\"children\":[{\"type\":\"column\",\"props\":{\"image_position\":\"center-center\",\"media_overlay_gradient\":\"\",\"width_medium\":\"\"},\"children\":[{\"type\":\"text\",\"props\":{\"margin\":\"default\",\"column_breakpoint\":\"m\",\"content\":\"\n\n<p>En 1827, une jeune femme de \\u00e9\\u00e8 ans d\\u00e9veloppe une petite fabrication de tampons de clarinette. Elle s\\u2019appelle Valentine CHANU. Sa production s\\u2019\\u00e9coule tr\\u00e8s bien au pays des instruments de musique. Les affaires prosp\\u00e8rent surtout \\u00e0 l\\u2019exportation.<\\\/p>\\n\n\n<p>En 1946, c\\u2019est son fils Maurice qui reprend les r\\u00eanes de l\\u2019entreprise.<\\\/p>\\n\n\n<p>Roger CHANU succ\\u00e9dera \\u00e0 son p\\u00e8re et \\u00e9pousera Madeleine MARTIN, descendante de Claude BUFFET n\\u00e9 en 1773, fr\\u00e8re de Rose BUFFET ascendante de la famille HEROUARD &amp; BENARD.<\\\/p>\\n\n\n<p>En 2007, Robin CHEVRETEAU, en participation avec la Soci\\u00e9t\\u00e9 HEROUARD &amp; BENARD ach\\u00e8te la branche d\\u2019activit\\u00e9 de fabrication des tampons des Etablissements MARTIN CHANU et cr\\u00e9e la Soci\\u00e9t\\u00e9 RC TAMPONS MUSIQUE.<\\\/p>\"}}]}]}],\"name\":\"Chanu\"},{\"type\":\"section\",\"props\":{\"style\":\"default\",\"width\":\"xsmall\",\"vertical_align\":\"middle\",\"title_position\":\"top-left\",\"title_rotation\":\"left\",\"title_breakpoint\":\"xl\",\"image_position\":\"center-center\",\"animation\":\"scale-up\",\"padding_remove_top\":true},\"children\":[{\"type\":\"row\",\"children\":[{\"type\":\"column\",\"props\":{\"image_position\":\"center-center\",\"media_overlay_gradient\":\"\"},\"children\":[{\"type\":\"text\",\"props\":{\"margin\":\"default\",\"column_breakpoint\":\"m\",\"content\":\"\n\n<blockquote>\\n\n\n<p style=\\\"text-align: center;\\\">Herouard &amp; Benard et RC Tampons Musique<\\\/p>\\n\n\n<p style=\\\"text-align: center;\\\">sont regroup\\u00e9s sur un m\\u00eame site \\u00e0 Ezy-sur-Eure<br \\\/>afin de vous offrir un large \\u00e9ventail d\\u2019<strong>accessoires pour instruments de musique \\u00e0 vent de fabrication fran\\u00e7aise<\\\/strong>.<\\\/p>\\n<\\\/blockquote>\",\"dropcap\":false}}]}]}]}],\"version\":\"2.6.2\"} --><\/p>\n","protected":false},"excerpt":{"rendered":"<p>Notre histoire Herouard et Benard Echappant aux affres de la r\u00e9volution fran\u00e7aise de 1789, Rose BUFFET \u00e9pousa Jean Jacques HEROUARD le 09\/06\/1800 \u00e0 la Couture Boussey. Leur fils Jacques Fran\u00e7ois HEROUARD, luthier, tourneur en instruments \u00e9migra \u00e0 Ezy sur Eure. Le secteur de La couture Boussey qui, comprend, outre cette commune, les communes d\u2019Ezy sur [&hellip;]<\/p>\n","protected":false},"author":1,"featured_media":0,"parent":0,"menu_order":0,"comment_status":"closed","ping_status":"closed","template":"","meta":{"footnotes":""},"class_list":["post-117","page","type-page","status-publish","hentry"],"aioseo_notices":[],"_links":{"self":[{"href":"https:\/\/www.herouard-benard.com\/fr\/wp-json\/wp\/v2\/pages\/117","targetHints":{"allow":["GET"]}}],"collection":[{"href":"https:\/\/www.herouard-benard.com\/fr\/wp-json\/wp\/v2\/pages"}],"about":[{"href":"https:\/\/www.herouard-benard.com\/fr\/wp-json\/wp\/v2\/types\/page"}],"author":[{"embeddable":true,"href":"https:\/\/www.herouard-benard.com\/fr\/wp-json\/wp\/v2\/users\/1"}],"replies":[{"embeddable":true,"href":"https:\/\/www.herouard-benard.com\/fr\/wp-json\/wp\/v2\/comments?post=117"}],"version-history":[{"count":0,"href":"https:\/\/www.herouard-benard.com\/fr\/wp-json\/wp\/v2\/pages\/117\/revisions"}],"wp:attachment":[{"href":"https:\/\/www.herouard-benard.com\/fr\/wp-json\/wp\/v2\/media?parent=117"}],"curies":[{"name":"wp","href":"https:\/\/api.w.org\/{rel}","templated":true}]}}