{"id":676,"date":"2021-06-26T14:07:04","date_gmt":"2021-06-26T12:07:04","guid":{"rendered":"http:\/\/qvyhofm.cluster028.hosting.ovh.net\/mentions-legales\/"},"modified":"2024-06-27T10:40:59","modified_gmt":"2024-06-27T08:40:59","slug":"legal-notice","status":"publish","type":"page","link":"https:\/\/www.herouard-benard.com\/en\/legal-notice\/","title":{"rendered":"Legal notice"},"content":{"rendered":"\n<h2 class=\"wp-block-heading\" id=\"en-presentation-du-site-internet\">###EN Pr\u00e9sentation du site internet<\/h2>\n\n\n\n<p>En vertu de l&#8217;article 6 de la loi n\u00b0 2004-575 du 21 juin 2004 pour la confiance dans l&#8217;\u00e9conomie num\u00e9rique, il est pr\u00e9cis\u00e9 aux utilisateurs du site internet <a href=\"https:\/\/www.herouard-benard.com\/\" title=\"https:\/\/www.herouard-benard.com\">https:\/\/www.herouard-benard.com<\/a> l&#8217;identit\u00e9 des diff\u00e9rents intervenants dans le cadre de sa r\u00e9alisation et de son suivi.<\/p>\n\n\n\n<h3 class=\"wp-block-heading\" id=\"proprietaire\">Propri\u00e9taire<\/h3>\n\n\n\n<p>HEROUARD &amp; BENARD &#8211; 7 rue Jourdain&nbsp; 27530 EZY SUR EURE &#8211; FRANCE<br>T\u00e9l. (+33) 2 37 64 71 62<br>SARL au capital de 16 922 euros<br>SIRET 63365001500017<br>TVA Intracommunautaire FR633 650 015 00017<\/p>\n\n\n\n<h3 class=\"wp-block-heading\" id=\"responsable-publication\">Responsable publication<\/h3>\n\n\n\n<p>M CHEVRETEAU Robin<br>Email herouard.benard@orange.fr<\/p>\n\n\n\n<h3 class=\"wp-block-heading\" id=\"createur-et-webmaster-creation-de-site-internet-a-evreux\">Cr\u00e9ateur et webmaster : <a href=\"https:\/\/www.crealys-web.fr\">cr\u00e9ation de site internet \u00e0 Evreux<\/a><\/h3>\n\n\n\n<p>Crealys Web &#8211; 27 rue des jardins du rabais &#8211; 27000 EVREUX &#8211; FRANCE<br><a href=\"https:\/\/www.crealys-web.fr\">www.crealys-web.fr<\/a><\/p>\n\n\n\n<h3 class=\"wp-block-heading\" id=\"hebergeur\">H\u00e9bergeur<\/h3>\n\n\n\n<p>OVH &#8211; 2 rue Kellermann &#8211; 59100 ROUBAIX &#8211; FRANCE<\/p>\n\n\n\n<h3 class=\"wp-block-heading\" id=\"credits-photos\">###Cr\u00e9dits photos&#8230;<\/h3>\n\n\n\n<p>### indiquer les cr\u00e9dits, l&#8217;auteur, pour toutes les photos, m\u00e9dias, ressources du site&#8230; Si vous avez t\u00e9l\u00e9charg\u00e9 des photos sur une banque d&#8217;images, m\u00eame si l&#8217;utilisation est libre et gratuite, il peut \u00eatre obligatoire d&#8217;indiquer un copyright (g\u00e9n\u00e9ralement affich\u00e9 lors du t\u00e9l\u00e9chargement de l&#8217;image). Ce copyright d\u00e9pend de l&#8217;utilisation de la ressource et de la licence acquise (<a href=\"https:\/\/premier.shutterstock.com\/fr\/resources\/editorial-vs-advertising\" target=\"_blank\" rel=\"noreferrer noopener\">comprendre la diff\u00e9rence entre licence \u00e9ditoriale ou commerciale)<\/a>.<\/p>\n\n\n\n<h3 class=\"wp-block-heading\" id=\"declaration-cnil\">D\u00e9claration CNIL<\/h3>\n\n\n\n<p>N\u00b0### en date du ###<\/p>\n","protected":false},"excerpt":{"rendered":"<p>###EN Pr\u00e9sentation du site internet En vertu de l&#8217;article 6 de la loi n\u00b0 2004-575 du 21 juin 2004 pour la confiance dans l&#8217;\u00e9conomie num\u00e9rique, il est pr\u00e9cis\u00e9 aux utilisateurs du site internet https:\/\/www.herouard-benard.com l&#8217;identit\u00e9 des diff\u00e9rents intervenants dans le cadre de sa r\u00e9alisation et de son suivi. Propri\u00e9taire HEROUARD &amp; BENARD &#8211; 7 rue [&hellip;]<\/p>\n","protected":false},"author":1,"featured_media":0,"parent":0,"menu_order":0,"comment_status":"closed","ping_status":"closed","template":"","meta":{"footnotes":""},"class_list":["post-676","page","type-page","status-publish","hentry"],"aioseo_notices":[],"_links":{"self":[{"href":"https:\/\/www.herouard-benard.com\/en\/wp-json\/wp\/v2\/pages\/676","targetHints":{"allow":["GET"]}}],"collection":[{"href":"https:\/\/www.herouard-benard.com\/en\/wp-json\/wp\/v2\/pages"}],"about":[{"href":"https:\/\/www.herouard-benard.com\/en\/wp-json\/wp\/v2\/types\/page"}],"author":[{"embeddable":true,"href":"https:\/\/www.herouard-benard.com\/en\/wp-json\/wp\/v2\/users\/1"}],"replies":[{"embeddable":true,"href":"https:\/\/www.herouard-benard.com\/en\/wp-json\/wp\/v2\/comments?post=676"}],"version-history":[{"count":2,"href":"https:\/\/www.herouard-benard.com\/en\/wp-json\/wp\/v2\/pages\/676\/revisions"}],"predecessor-version":[{"id":7955,"href":"https:\/\/www.herouard-benard.com\/en\/wp-json\/wp\/v2\/pages\/676\/revisions\/7955"}],"wp:attachment":[{"href":"https:\/\/www.herouard-benard.com\/en\/wp-json\/wp\/v2\/media?parent=676"}],"curies":[{"name":"wp","href":"https:\/\/api.w.org\/{rel}","templated":true}]}}